{"id":1135,"date":"2024-05-29T09:50:23","date_gmt":"2024-05-29T09:50:23","guid":{"rendered":"https:\/\/jemu.rbins.be\/?page_id=1135"},"modified":"2024-06-26T10:01:49","modified_gmt":"2024-06-26T10:01:49","slug":"dna-analysis-of-a-roman-skeleton-of-a-cervidae-from-belgium","status":"publish","type":"page","link":"https:\/\/www.jemu.be\/?page_id=1135","title":{"rendered":"DNA analysis of a Roman skeleton of a Cervidae from Belgium."},"content":{"rendered":"\n<p><em>Acronym<\/em>: DNADD<\/p>\n\n\n\n<p><em>Collaborators<\/em>: Carl Vangestel (JEMU-RBINS), Massimiliano Virgilio (JEMU-RMCA), Gontran Sonet (JEMU-RBINS), Fabienne Pigi\u00e8re (RBINS), Naomi Sykes (Department of Archaeology, University of Exeter, UK), Nathalie Suarez-Gonzalez (D\u00e9partement d&#8217; Histoire, Arts et Arch\u00e9ologie, Universit\u00e9 Libre de Bruxelles, Belgium), Denis Henrard (Agence wallonne du Patrimoine, Li\u00e8ge, Belgium)<\/p>\n\n\n\n<p><em>Year<\/em>: 2018<\/p>\n\n\n\n<p><em>Summary<\/em>: The goal of this small project is to extract ancient DNA from a partial skeleton of a Cervidae discovered in a Roman context at Herstal (Li\u00e8ge) and confirm its species identification. Based on osteomorphological analysis, the skeleton has been attributed to the fallow deer (<em>Dama dama<\/em>), however, the species identification needs to be confirmed by a DNA analysis. <em>Dama dama<\/em> is from eastern Mediterranean and if individuals were imported in north-western Europe during the Roman period is still under debate.<\/p>\n\n\n\n<p><em>Output<\/em>:<\/p>\n\n\n\n<ul class=\"wp-block-list\">\n<li>Peer-reviewed paper: <a href=\"https:\/\/www.cambridge.org\/core\/journals\/antiquity\/article\/abs\/introduction-of-the-european-fallow-deer-to-the-northern-provinces-of-the-roman-empire-a-multiproxy-approach-to-the-herstal-skeleton-belgium\/5C3EBF8E7F38B02F8C8A5A4EB3000D99\">The introduction of the European fallow deer to the northern provinces of the Roman Empire: a multi-proxy approach to the Herstal skeleton (Belgium)<\/a>, F. Pigi\u00e8re, D. Henrard, N. Sykes, N. Suarez-Gonzalez, G. Sonet, 2020, Antiquity, 94, 1501 &#8211; 1519.<\/li>\n<\/ul>\n","protected":false},"excerpt":{"rendered":"<p>Acronym: DNADD Collaborators: Carl Vangestel (JEMU-RBINS), Massimiliano Virgilio (JEMU-RMCA), Gontran Sonet (JEMU-RBINS), Fabienne Pigi\u00e8re (RBINS), Naomi Sykes (Department of Archaeology, University of Exeter, UK), Nathalie Suarez-Gonzalez (D\u00e9partement d&#8217; Histoire, Arts et Arch\u00e9ologie, Universit\u00e9 Libre de Bruxelles, Belgium), Denis Henrard (Agence wallonne du Patrimoine, Li\u00e8ge, Belgium) Year: 2018 Summary: The goal of this small project is [&hellip;]<\/p>\n","protected":false},"author":6,"featured_media":0,"parent":0,"menu_order":0,"comment_status":"closed","ping_status":"closed","template":"","meta":{"ub_ctt_via":"","footnotes":""},"class_list":["post-1135","page","type-page","status-publish","hentry"],"featured_image_src":null,"_links":{"self":[{"href":"https:\/\/www.jemu.be\/index.php?rest_route=\/wp\/v2\/pages\/1135","targetHints":{"allow":["GET"]}}],"collection":[{"href":"https:\/\/www.jemu.be\/index.php?rest_route=\/wp\/v2\/pages"}],"about":[{"href":"https:\/\/www.jemu.be\/index.php?rest_route=\/wp\/v2\/types\/page"}],"author":[{"embeddable":true,"href":"https:\/\/www.jemu.be\/index.php?rest_route=\/wp\/v2\/users\/6"}],"replies":[{"embeddable":true,"href":"https:\/\/www.jemu.be\/index.php?rest_route=%2Fwp%2Fv2%2Fcomments&post=1135"}],"version-history":[{"count":10,"href":"https:\/\/www.jemu.be\/index.php?rest_route=\/wp\/v2\/pages\/1135\/revisions"}],"predecessor-version":[{"id":1501,"href":"https:\/\/www.jemu.be\/index.php?rest_route=\/wp\/v2\/pages\/1135\/revisions\/1501"}],"wp:attachment":[{"href":"https:\/\/www.jemu.be\/index.php?rest_route=%2Fwp%2Fv2%2Fmedia&parent=1135"}],"curies":[{"name":"wp","href":"https:\/\/api.w.org\/{rel}","templated":true}]}}